{"id":2,"date":"2026-05-11T12:37:01","date_gmt":"2026-05-11T12:37:01","guid":{"rendered":"http:\/\/www.quizbox.fr\/?page_id=2"},"modified":"2026-05-11T14:05:57","modified_gmt":"2026-05-11T14:05:57","slug":"main-page","status":"publish","type":"page","link":"http:\/\/www.quizbox.fr\/?page_id=2","title":{"rendered":"QUIZBOX"},"content":{"rendered":"\n<p><strong>La Quizbox est un syst\u00e8me d\u2019arbitrage avec Buzzers en Radiofr\u00e9quence totalement autonome. <\/strong><br><\/p>\n\n\n\n<p>IL Y A UN MODE QUIZ CLASSIQUE QUI D\u00c9TECTE LE PLUS RAPIDE<\/p>\n\n\n\n<p class=\"has-text-align-center\"><strong>ET UNE EXCLUSIVIT\u00c9 : <\/strong><\/p>\n\n\n\n<p class=\"has-text-align-center\">LE MODE PODIUM QUI D\u00c9TECTE DANS L\u2019ORDRE LES 3 PLUS RAPIDES<\/p>\n\n\n\n<p>Vous pouvez jouer de 2 \u00e0 32 Buzzers<br><\/p>\n\n\n\n<figure class=\"wp-block-image size-full is-resized\"><img loading=\"lazy\" decoding=\"async\" width=\"122\" height=\"40\" src=\"https:\/\/www.quizbox.fr\/wp-content\/uploads\/2026\/05\/LOGO-QUIZBOX.png\" alt=\"\" class=\"wp-image-12\" style=\"width:643px;height:auto\"\/><\/figure>\n\n\n\n<p><br>La Quizbox avec 4 Buzzers : 359\u20ac livraison France comprise<\/p>\n\n\n\n<p><a href=\"https:\/\/www.quizbox.fr\/?page_id=28\" data-type=\"page\" data-id=\"28\">&lt;paypal-cart-button data-id=&#8221;pp-view-cart&#8221;>&lt;\/paypal-cart-button> &lt;script> cartPaypal.Cart({ id: &#8220;pp-view-cart&#8221; }) &lt;\/script>!<\/a><\/p>\n\n\n\n<p>La Quizbox avec 8 Buzzers : 499\u20ac livraison France comprise<\/p>\n\n\n\n<div class=\"wp-block-buttons is-layout-flex wp-block-buttons-is-layout-flex\"><\/div>\n\n\n\n<p>La Quizbox avec 12 Buzzers : 599\u20ac livraison France comprise<\/p>\n\n\n\n<figure class=\"wp-block-embed is-type-video is-provider-youtube wp-block-embed-youtube wp-embed-aspect-16-9 wp-has-aspect-ratio\"><div class=\"wp-block-embed__wrapper\">\n<iframe loading=\"lazy\" title=\"QUIZBOX AVEC DOMES EN MODE PODIUM\" width=\"500\" height=\"281\" src=\"https:\/\/www.youtube.com\/embed\/c-oLLXbDpNc?feature=oembed\" frameborder=\"0\" allow=\"accelerometer; autoplay; clipboard-write; encrypted-media; gyroscope; picture-in-picture; web-share\" referrerpolicy=\"strict-origin-when-cross-origin\" allowfullscreen><\/iframe>\n<\/div><\/figure>\n\n\n\n<p><strong>AUTRES CONFIGURATIONS POSSIBLES SUR DEMANDE<\/strong><\/p>\n\n\n\n<p>Contactez-nous par e-mail : contact@quizbox.fr pour un r\u00e8glement via PAYPAL<\/p>\n\n\n\n<p>PRODUITS EN STOCKS. LIVRAISON SOUS 48H OUVREES<\/p>\n\n\n\n<p>Contactez-moi au 0650898826 pour tous renseignements. <\/p>\n\n\n\n<figure class=\"wp-block-gallery has-nested-images columns-default is-cropped wp-block-gallery-1 is-layout-flex wp-block-gallery-is-layout-flex\">\n<figure class=\"wp-block-image size-large\"><img loading=\"lazy\" decoding=\"async\" width=\"1024\" height=\"768\" data-id=\"16\" src=\"https:\/\/www.quizbox.fr\/wp-content\/uploads\/2026\/05\/2022-01-15-08.59.32-1024x768.jpeg\" alt=\"\" class=\"wp-image-16\" srcset=\"http:\/\/www.quizbox.fr\/wp-content\/uploads\/2026\/05\/2022-01-15-08.59.32-1024x768.jpeg 1024w, http:\/\/www.quizbox.fr\/wp-content\/uploads\/2026\/05\/2022-01-15-08.59.32-300x225.jpeg 300w, http:\/\/www.quizbox.fr\/wp-content\/uploads\/2026\/05\/2022-01-15-08.59.32-768x576.jpeg 768w, http:\/\/www.quizbox.fr\/wp-content\/uploads\/2026\/05\/2022-01-15-08.59.32-1536x1152.jpeg 1536w, http:\/\/www.quizbox.fr\/wp-content\/uploads\/2026\/05\/2022-01-15-08.59.32-2048x1536.jpeg 2048w\" sizes=\"auto, (max-width: 1024px) 100vw, 1024px\" \/><\/figure>\n\n\n\n<figure class=\"wp-block-image size-large\"><img loading=\"lazy\" decoding=\"async\" width=\"1024\" height=\"768\" data-id=\"17\" src=\"https:\/\/www.quizbox.fr\/wp-content\/uploads\/2026\/05\/2022-01-15-09.00.25-1024x768.jpeg\" alt=\"\" class=\"wp-image-17\" srcset=\"http:\/\/www.quizbox.fr\/wp-content\/uploads\/2026\/05\/2022-01-15-09.00.25-1024x768.jpeg 1024w, http:\/\/www.quizbox.fr\/wp-content\/uploads\/2026\/05\/2022-01-15-09.00.25-300x225.jpeg 300w, http:\/\/www.quizbox.fr\/wp-content\/uploads\/2026\/05\/2022-01-15-09.00.25-768x576.jpeg 768w, http:\/\/www.quizbox.fr\/wp-content\/uploads\/2026\/05\/2022-01-15-09.00.25-1536x1152.jpeg 1536w, http:\/\/www.quizbox.fr\/wp-content\/uploads\/2026\/05\/2022-01-15-09.00.25-2048x1536.jpeg 2048w\" sizes=\"auto, (max-width: 1024px) 100vw, 1024px\" \/><\/figure>\n<\/figure>\n\n\n\n<p>Votre Quizbox comprendra un \u00e9cran (surtout secteur) et une t\u00e9l\u00e9commande ainsi que le nombre de Buzzers souhait\u00e9 (2 piles AAA non incluses) et arrivera dans une bo\u00eete carton avec mousse. <\/p>\n","protected":false},"excerpt":{"rendered":"<p>La Quizbox est un syst\u00e8me d\u2019arbitrage avec Buzzers en Radiofr\u00e9quence totalement autonome. IL Y A UN MODE QUIZ CLASSIQUE QUI D\u00c9TECTE LE PLUS RAPIDE ET UNE EXCLUSIVIT\u00c9 : LE MODE PODIUM QUI D\u00c9TECTE DANS L\u2019ORDRE LES 3 PLUS RAPIDES Vous pouvez jouer de 2 \u00e0 32 Buzzers La Quizbox avec 4 Buzzers : 359\u20ac livraison [&hellip;]<\/p>\n","protected":false},"author":1,"featured_media":0,"parent":0,"menu_order":0,"comment_status":"closed","ping_status":"closed","template":"","meta":{"footnotes":""},"class_list":["post-2","page","type-page","status-publish","hentry"],"_links":{"self":[{"href":"http:\/\/www.quizbox.fr\/index.php?rest_route=\/wp\/v2\/pages\/2","targetHints":{"allow":["GET"]}}],"collection":[{"href":"http:\/\/www.quizbox.fr\/index.php?rest_route=\/wp\/v2\/pages"}],"about":[{"href":"http:\/\/www.quizbox.fr\/index.php?rest_route=\/wp\/v2\/types\/page"}],"author":[{"embeddable":true,"href":"http:\/\/www.quizbox.fr\/index.php?rest_route=\/wp\/v2\/users\/1"}],"replies":[{"embeddable":true,"href":"http:\/\/www.quizbox.fr\/index.php?rest_route=%2Fwp%2Fv2%2Fcomments&post=2"}],"version-history":[{"count":14,"href":"http:\/\/www.quizbox.fr\/index.php?rest_route=\/wp\/v2\/pages\/2\/revisions"}],"predecessor-version":[{"id":27,"href":"http:\/\/www.quizbox.fr\/index.php?rest_route=\/wp\/v2\/pages\/2\/revisions\/27"}],"wp:attachment":[{"href":"http:\/\/www.quizbox.fr\/index.php?rest_route=%2Fwp%2Fv2%2Fmedia&parent=2"}],"curies":[{"name":"wp","href":"https:\/\/api.w.org\/{rel}","templated":true}]}}