{"id":40,"date":"2026-05-11T14:15:43","date_gmt":"2026-05-11T14:15:43","guid":{"rendered":"https:\/\/www.quizbox.fr\/?post_type=product&#038;p=40"},"modified":"2026-05-11T14:15:43","modified_gmt":"2026-05-11T14:15:43","slug":"buzzer-supplementaire","status":"publish","type":"product","link":"http:\/\/www.quizbox.fr\/?product=buzzer-supplementaire","title":{"rendered":"BUZZER SUPPL\u00c9MENTAIRE"},"content":{"rendered":"<p>Buzzer d\u00f4me \u00e0 piles<\/p>\n","protected":false},"excerpt":{"rendered":"<p>Buzzer d\u00f4me \u00e0 piles<\/p>\n","protected":false},"featured_media":0,"comment_status":"open","ping_status":"closed","template":"","meta":[],"product_brand":[],"product_cat":[16],"product_tag":[],"class_list":{"0":"post-40","1":"product","2":"type-product","3":"status-publish","5":"product_cat-uncategorized","7":"first","8":"instock","9":"shipping-taxable","10":"purchasable","11":"product-type-simple"},"_links":{"self":[{"href":"http:\/\/www.quizbox.fr\/index.php?rest_route=\/wp\/v2\/product\/40","targetHints":{"allow":["GET"]}}],"collection":[{"href":"http:\/\/www.quizbox.fr\/index.php?rest_route=\/wp\/v2\/product"}],"about":[{"href":"http:\/\/www.quizbox.fr\/index.php?rest_route=\/wp\/v2\/types\/product"}],"replies":[{"embeddable":true,"href":"http:\/\/www.quizbox.fr\/index.php?rest_route=%2Fwp%2Fv2%2Fcomments&post=40"}],"wp:attachment":[{"href":"http:\/\/www.quizbox.fr\/index.php?rest_route=%2Fwp%2Fv2%2Fmedia&parent=40"}],"wp:term":[{"taxonomy":"product_brand","embeddable":true,"href":"http:\/\/www.quizbox.fr\/index.php?rest_route=%2Fwp%2Fv2%2Fproduct_brand&post=40"},{"taxonomy":"product_cat","embeddable":true,"href":"http:\/\/www.quizbox.fr\/index.php?rest_route=%2Fwp%2Fv2%2Fproduct_cat&post=40"},{"taxonomy":"product_tag","embeddable":true,"href":"http:\/\/www.quizbox.fr\/index.php?rest_route=%2Fwp%2Fv2%2Fproduct_tag&post=40"}],"curies":[{"name":"wp","href":"https:\/\/api.w.org\/{rel}","templated":true}]}}